{"id":24503,"date":"2025-05-19T14:43:51","date_gmt":"2025-05-19T11:43:51","guid":{"rendered":"https:\/\/elysbeauty.ro\/cluj\/?post_type=product&#038;p=24503"},"modified":"2025-05-19T14:48:04","modified_gmt":"2025-05-19T11:48:04","slug":"card-cadou-6-sedinte-epilarea-definitiva","status":"publish","type":"product","link":"https:\/\/elysbeauty.multidimension.ro\/cluj\/serviciu\/card-cadou-6-sedinte-epilarea-definitiva\/","title":{"rendered":"Card Cadou 6 \u0218edin\u021be Epilarea Definitiva"},"content":{"rendered":"","protected":false},"excerpt":{"rendered":"<p>Epilare Definitiv\u0103<\/p>\n<p>Posibilitatea de plata \u00een 2 rate! \ud83c\udf1f<\/p>\n<p>Spune adio firelor de p\u0103r nedorite \u0219i bucur\u0103-te de o piele fin\u0103 \u0219i catifelat\u0103 pe termen lung! Serviciile noastre de epilare definitiv\u0103 sunt solu\u021bia perfect\u0103 pentru un look impecabil, f\u0103r\u0103 griji \u0219i f\u0103r\u0103 durere.<\/p>\n<p>De ce s\u0103 alegi epilarea definitiv\u0103?<br \/>\n\u2714\ufe0f Rezultate de lung\u0103 durat\u0103<br \/>\n\u2714\ufe0f Proceduri rapide \u0219i sigure<br \/>\n\u2714\ufe0f Potrivit\u0103 pentru toate tipurile de piele<br \/>\n\u2714\ufe0f Tehnologie avansat\u0103, f\u0103r\u0103 disconfort<\/p>\n<p>Un cadou special pentru cei dragi! \ud83c\udf81<\/p>\n<p>Surprinde o prieten\u0103, pe cineva drag sau chiar pe tine \u00eensu\u021bi cu aceast\u0103 investi\u021bie \u00een frumuse\u021be \u0219i confort. Este cadoul perfect pentru oricine \u00ee\u0219i dore\u0219te s\u0103 se simt\u0103 bine \u00een pielea sa!<\/p>\n<p>Pentru mai multe detalii sau pentru program\u0103ri, ne po\u021bi contacta la: \ud83d\udcde <a href=\"tel:0040771480754\"><span class=\"elementor-icon-list-text\">+40 771 480 754<\/span><\/a><\/p>\n<p>Fii pasul \u00eenainte spre o piele perfect\u0103 \u0219i f\u0103r\u0103 griji! \ud83d\udc96<\/p>\n","protected":false},"featured_media":24497,"comment_status":"open","ping_status":"closed","template":"","meta":[],"product_cat":[19,21],"product_tag":[],"class_list":["post-24503","product","type-product","status-publish","has-post-thumbnail","hentry","product_cat-epliare-definitiva","product_cat-promotii"],"_links":{"self":[{"href":"https:\/\/elysbeauty.multidimension.ro\/cluj\/wp-json\/wp\/v2\/product\/24503","targetHints":{"allow":["GET"]}}],"collection":[{"href":"https:\/\/elysbeauty.multidimension.ro\/cluj\/wp-json\/wp\/v2\/product"}],"about":[{"href":"https:\/\/elysbeauty.multidimension.ro\/cluj\/wp-json\/wp\/v2\/types\/product"}],"replies":[{"embeddable":true,"href":"https:\/\/elysbeauty.multidimension.ro\/cluj\/wp-json\/wp\/v2\/comments?post=24503"}],"wp:featuredmedia":[{"embeddable":true,"href":"https:\/\/elysbeauty.multidimension.ro\/cluj\/wp-json\/wp\/v2\/media\/24497"}],"wp:attachment":[{"href":"https:\/\/elysbeauty.multidimension.ro\/cluj\/wp-json\/wp\/v2\/media?parent=24503"}],"wp:term":[{"taxonomy":"product_cat","embeddable":true,"href":"https:\/\/elysbeauty.multidimension.ro\/cluj\/wp-json\/wp\/v2\/product_cat?post=24503"},{"taxonomy":"product_tag","embeddable":true,"href":"https:\/\/elysbeauty.multidimension.ro\/cluj\/wp-json\/wp\/v2\/product_tag?post=24503"}],"curies":[{"name":"wp","href":"https:\/\/api.w.org\/{rel}","templated":true}]}}